{"id":112,"date":"2025-01-15T19:56:25","date_gmt":"2025-01-15T19:56:25","guid":{"rendered":"https:\/\/astrotext.si\/?page_id=112"},"modified":"2025-01-25T11:08:23","modified_gmt":"2025-01-25T11:08:23","slug":"funkcije","status":"publish","type":"page","link":"https:\/\/astrotext.si\/index.php\/funkcije\/","title":{"rendered":"Funkcije"},"content":{"rendered":"\t\t<div data-elementor-type=\"wp-page\" data-elementor-id=\"112\" class=\"elementor elementor-112\" data-elementor-post-type=\"page\">\n\t\t\t\t<div class=\"elementor-element elementor-element-2673fa1 e-grid e-con-boxed e-con e-parent\" data-id=\"2673fa1\" data-element_type=\"container\">\n\t\t\t\t\t<div class=\"e-con-inner\">\n\t\t<div class=\"elementor-element elementor-element-37fef84 e-con-full e-flex e-con e-child\" data-id=\"37fef84\" data-element_type=\"container\" data-settings=\"{&quot;background_background&quot;:&quot;classic&quot;}\">\n\t\t\t\t<div class=\"elementor-element elementor-element-05de716 elementor-view-default elementor-widget elementor-widget-icon\" data-id=\"05de716\" data-element_type=\"widget\" data-widget_type=\"icon.default\">\n\t\t\t\t<div class=\"elementor-widget-container\">\n\t\t\t\t\t\t\t<div class=\"elementor-icon-wrapper\">\n\t\t\t<div class=\"elementor-icon\">\n\t\t\t<svg aria-hidden=\"true\" class=\"e-font-icon-svg e-fas-sms\" viewBox=\"0 0 512 512\" xmlns=\"http:\/\/www.w3.org\/2000\/svg\"><path d=\"M256 32C114.6 32 0 125.1 0 240c0 49.6 21.4 95 57 130.7C44.5 421.1 2.7 466 2.2 466.5c-2.2 2.3-2.8 5.7-1.5 8.7 1.3 3 4.1 4.8 7.3 4.8 66.3 0 116-31.8 140.6-51.4 32.7 12.3 69 19.4 107.4 19.4 141.4 0 256-93.1 256-208S397.4 32 256 32zM128.2 304H116c-4.4 0-8-3.6-8-8v-16c0-4.4 3.6-8 8-8h12.3c6 0 10.4-3.5 10.4-6.6 0-1.3-.8-2.7-2.1-3.8l-21.9-18.8c-8.5-7.2-13.3-17.5-13.3-28.1 0-21.3 19-38.6 42.4-38.6H156c4.4 0 8 3.6 8 8v16c0 4.4-3.6 8-8 8h-12.3c-6 0-10.4 3.5-10.4 6.6 0 1.3.8 2.7 2.1 3.8l21.9 18.8c8.5 7.2 13.3 17.5 13.3 28.1.1 21.3-19 38.6-42.4 38.6zm191.8-8c0 4.4-3.6 8-8 8h-16c-4.4 0-8-3.6-8-8v-68.2l-24.8 55.8c-2.9 5.9-11.4 5.9-14.3 0L224 227.8V296c0 4.4-3.6 8-8 8h-16c-4.4 0-8-3.6-8-8V192c0-8.8 7.2-16 16-16h16c6.1 0 11.6 3.4 14.3 8.8l17.7 35.4 17.7-35.4c2.7-5.4 8.3-8.8 14.3-8.8h16c8.8 0 16 7.2 16 16v104zm48.3 8H356c-4.4 0-8-3.6-8-8v-16c0-4.4 3.6-8 8-8h12.3c6 0 10.4-3.5 10.4-6.6 0-1.3-.8-2.7-2.1-3.8l-21.9-18.8c-8.5-7.2-13.3-17.5-13.3-28.1 0-21.3 19-38.6 42.4-38.6H396c4.4 0 8 3.6 8 8v16c0 4.4-3.6 8-8 8h-12.3c-6 0-10.4 3.5-10.4 6.6 0 1.3.8 2.7 2.1 3.8l21.9 18.8c8.5 7.2 13.3 17.5 13.3 28.1.1 21.3-18.9 38.6-42.3 38.6z\"><\/path><\/svg>\t\t\t<\/div>\n\t\t<\/div>\n\t\t\t\t\t\t<\/div>\n\t\t\t\t<\/div>\n\t\t\t\t<div class=\"elementor-element elementor-element-17f444a elementor-widget elementor-widget-heading\" data-id=\"17f444a\" data-element_type=\"widget\" data-widget_type=\"heading.default\">\n\t\t\t\t<div class=\"elementor-widget-container\">\n\t\t\t\t\t<h2 class=\"elementor-heading-title elementor-size-default\">Dnevni horoskop<\/h2>\t\t\t\t<\/div>\n\t\t\t\t<\/div>\n\t\t\t\t<div class=\"elementor-element elementor-element-1c3f0da elementor-widget elementor-widget-text-editor\" data-id=\"1c3f0da\" data-element_type=\"widget\" data-widget_type=\"text-editor.default\">\n\t\t\t\t<div class=\"elementor-widget-container\">\n\t\t\t\t\t\t\t\t\t<p>Vsako jutro prejmite natan\u010dno astrolo\u0161ko napoved, prilagojeno va\u0161emu zodiakalnemu znamenju. Za\u010dnite dan z vpogledom v svojo usodo.<\/p><p>Po\u0161ljite SMS z besedo &#8220;PRIJAVA [znak]&#8221; na [\u0161tevilka] in prejmite svoj dnevni horoskop vsako jutro.<\/p><p>Primer: prijava Lev<\/p>\t\t\t\t\t\t\t\t<\/div>\n\t\t\t\t<\/div>\n\t\t\t\t<div class=\"elementor-element elementor-element-efb3636 elementor-widget elementor-widget-text-editor\" data-id=\"efb3636\" data-element_type=\"widget\" data-widget_type=\"text-editor.default\">\n\t\t\t\t<div class=\"elementor-widget-container\">\n\t\t\t\t\t\t\t\t\t<p>*Za odjavo po\u0161ljite &#8220;odjava&#8221; na [\u0161tevilka]<\/p>\t\t\t\t\t\t\t\t<\/div>\n\t\t\t\t<\/div>\n\t\t\t\t<\/div>\n\t\t<div class=\"elementor-element elementor-element-be0c7f7 e-con-full e-flex e-con e-child\" data-id=\"be0c7f7\" data-element_type=\"container\" data-settings=\"{&quot;background_background&quot;:&quot;classic&quot;}\">\n\t\t\t\t<div class=\"elementor-element elementor-element-db6083c elementor-view-default elementor-widget elementor-widget-icon\" data-id=\"db6083c\" data-element_type=\"widget\" data-widget_type=\"icon.default\">\n\t\t\t\t<div class=\"elementor-widget-container\">\n\t\t\t\t\t\t\t<div class=\"elementor-icon-wrapper\">\n\t\t\t<div class=\"elementor-icon\">\n\t\t\t<svg aria-hidden=\"true\" class=\"e-font-icon-svg e-fas-sms\" viewBox=\"0 0 512 512\" xmlns=\"http:\/\/www.w3.org\/2000\/svg\"><path d=\"M256 32C114.6 32 0 125.1 0 240c0 49.6 21.4 95 57 130.7C44.5 421.1 2.7 466 2.2 466.5c-2.2 2.3-2.8 5.7-1.5 8.7 1.3 3 4.1 4.8 7.3 4.8 66.3 0 116-31.8 140.6-51.4 32.7 12.3 69 19.4 107.4 19.4 141.4 0 256-93.1 256-208S397.4 32 256 32zM128.2 304H116c-4.4 0-8-3.6-8-8v-16c0-4.4 3.6-8 8-8h12.3c6 0 10.4-3.5 10.4-6.6 0-1.3-.8-2.7-2.1-3.8l-21.9-18.8c-8.5-7.2-13.3-17.5-13.3-28.1 0-21.3 19-38.6 42.4-38.6H156c4.4 0 8 3.6 8 8v16c0 4.4-3.6 8-8 8h-12.3c-6 0-10.4 3.5-10.4 6.6 0 1.3.8 2.7 2.1 3.8l21.9 18.8c8.5 7.2 13.3 17.5 13.3 28.1.1 21.3-19 38.6-42.4 38.6zm191.8-8c0 4.4-3.6 8-8 8h-16c-4.4 0-8-3.6-8-8v-68.2l-24.8 55.8c-2.9 5.9-11.4 5.9-14.3 0L224 227.8V296c0 4.4-3.6 8-8 8h-16c-4.4 0-8-3.6-8-8V192c0-8.8 7.2-16 16-16h16c6.1 0 11.6 3.4 14.3 8.8l17.7 35.4 17.7-35.4c2.7-5.4 8.3-8.8 14.3-8.8h16c8.8 0 16 7.2 16 16v104zm48.3 8H356c-4.4 0-8-3.6-8-8v-16c0-4.4 3.6-8 8-8h12.3c6 0 10.4-3.5 10.4-6.6 0-1.3-.8-2.7-2.1-3.8l-21.9-18.8c-8.5-7.2-13.3-17.5-13.3-28.1 0-21.3 19-38.6 42.4-38.6H396c4.4 0 8 3.6 8 8v16c0 4.4-3.6 8-8 8h-12.3c-6 0-10.4 3.5-10.4 6.6 0 1.3.8 2.7 2.1 3.8l21.9 18.8c8.5 7.2 13.3 17.5 13.3 28.1.1 21.3-18.9 38.6-42.3 38.6z\"><\/path><\/svg>\t\t\t<\/div>\n\t\t<\/div>\n\t\t\t\t\t\t<\/div>\n\t\t\t\t<\/div>\n\t\t\t\t<div class=\"elementor-element elementor-element-339b8b6 elementor-widget elementor-widget-heading\" data-id=\"339b8b6\" data-element_type=\"widget\" data-widget_type=\"heading.default\">\n\t\t\t\t<div class=\"elementor-widget-container\">\n\t\t\t\t\t<h2 class=\"elementor-heading-title elementor-size-default\">Zdru\u017eljivost znamenj<\/h2>\t\t\t\t<\/div>\n\t\t\t\t<\/div>\n\t\t\t\t<div class=\"elementor-element elementor-element-eaf42ec elementor-widget elementor-widget-text-editor\" data-id=\"eaf42ec\" data-element_type=\"widget\" data-widget_type=\"text-editor.default\">\n\t\t\t\t<div class=\"elementor-widget-container\">\n\t\t\t\t\t\t\t\t\t<p>Razumite, kako se va\u0161e znamenje ujema z drugimi. Odkrijte skrivnosti ljubezni, prijateljstva in kariernih odnosov.<\/p><p>Po\u0161ljite SMS z besedo &#8220;UJEMANJE&#8221; na [\u0161tevilka] ter vklju\u010dite va\u0161e in partnerjevo znamenje.<\/p><p>\u00a0Primer: ujemanje rak riba<\/p>\t\t\t\t\t\t\t\t<\/div>\n\t\t\t\t<\/div>\n\t\t\t\t<\/div>\n\t\t<div class=\"elementor-element elementor-element-ee99546 e-con-full e-flex e-con e-child\" data-id=\"ee99546\" data-element_type=\"container\" data-settings=\"{&quot;background_background&quot;:&quot;classic&quot;}\">\n\t\t\t\t<div class=\"elementor-element elementor-element-37d0624 elementor-view-default elementor-widget elementor-widget-icon\" data-id=\"37d0624\" data-element_type=\"widget\" data-widget_type=\"icon.default\">\n\t\t\t\t<div class=\"elementor-widget-container\">\n\t\t\t\t\t\t\t<div class=\"elementor-icon-wrapper\">\n\t\t\t<div class=\"elementor-icon\">\n\t\t\t<svg aria-hidden=\"true\" class=\"e-font-icon-svg e-fas-sms\" viewBox=\"0 0 512 512\" xmlns=\"http:\/\/www.w3.org\/2000\/svg\"><path d=\"M256 32C114.6 32 0 125.1 0 240c0 49.6 21.4 95 57 130.7C44.5 421.1 2.7 466 2.2 466.5c-2.2 2.3-2.8 5.7-1.5 8.7 1.3 3 4.1 4.8 7.3 4.8 66.3 0 116-31.8 140.6-51.4 32.7 12.3 69 19.4 107.4 19.4 141.4 0 256-93.1 256-208S397.4 32 256 32zM128.2 304H116c-4.4 0-8-3.6-8-8v-16c0-4.4 3.6-8 8-8h12.3c6 0 10.4-3.5 10.4-6.6 0-1.3-.8-2.7-2.1-3.8l-21.9-18.8c-8.5-7.2-13.3-17.5-13.3-28.1 0-21.3 19-38.6 42.4-38.6H156c4.4 0 8 3.6 8 8v16c0 4.4-3.6 8-8 8h-12.3c-6 0-10.4 3.5-10.4 6.6 0 1.3.8 2.7 2.1 3.8l21.9 18.8c8.5 7.2 13.3 17.5 13.3 28.1.1 21.3-19 38.6-42.4 38.6zm191.8-8c0 4.4-3.6 8-8 8h-16c-4.4 0-8-3.6-8-8v-68.2l-24.8 55.8c-2.9 5.9-11.4 5.9-14.3 0L224 227.8V296c0 4.4-3.6 8-8 8h-16c-4.4 0-8-3.6-8-8V192c0-8.8 7.2-16 16-16h16c6.1 0 11.6 3.4 14.3 8.8l17.7 35.4 17.7-35.4c2.7-5.4 8.3-8.8 14.3-8.8h16c8.8 0 16 7.2 16 16v104zm48.3 8H356c-4.4 0-8-3.6-8-8v-16c0-4.4 3.6-8 8-8h12.3c6 0 10.4-3.5 10.4-6.6 0-1.3-.8-2.7-2.1-3.8l-21.9-18.8c-8.5-7.2-13.3-17.5-13.3-28.1 0-21.3 19-38.6 42.4-38.6H396c4.4 0 8 3.6 8 8v16c0 4.4-3.6 8-8 8h-12.3c-6 0-10.4 3.5-10.4 6.6 0 1.3.8 2.7 2.1 3.8l21.9 18.8c8.5 7.2 13.3 17.5 13.3 28.1.1 21.3-18.9 38.6-42.3 38.6z\"><\/path><\/svg>\t\t\t<\/div>\n\t\t<\/div>\n\t\t\t\t\t\t<\/div>\n\t\t\t\t<\/div>\n\t\t\t\t<div class=\"elementor-element elementor-element-4662f19 elementor-widget elementor-widget-heading\" data-id=\"4662f19\" data-element_type=\"widget\" data-widget_type=\"heading.default\">\n\t\t\t\t<div class=\"elementor-widget-container\">\n\t\t\t\t\t<h2 class=\"elementor-heading-title elementor-size-default\">Postavite astrolo\u0161ka vpra\u0161anja<\/h2>\t\t\t\t<\/div>\n\t\t\t\t<\/div>\n\t\t\t\t<div class=\"elementor-element elementor-element-ff203ea elementor-widget elementor-widget-text-editor\" data-id=\"ff203ea\" data-element_type=\"widget\" data-widget_type=\"text-editor.default\">\n\t\t\t\t<div class=\"elementor-widget-container\">\n\t\t\t\t\t\t\t\t\t<p>Imate vpra\u0161anje o svojem horoskopu? AstroText odgovarja na va\u0161a astrolo\u0161ka vpra\u0161anja s poglobljenimi in natan\u010dnimi vpogledi.<\/p><p>Po\u0161ljite SMS z besedo &#8220;VPRASANJE [va\u0161e vpra\u0161anje]&#8221; na [\u0161tevilka].<\/p><p>\u00a0Primer: vprasanje\u00a0Kak\u0161en bo moj teden kot dvoj\u010dek?<\/p>\t\t\t\t\t\t\t\t<\/div>\n\t\t\t\t<\/div>\n\t\t\t\t<\/div>\n\t\t<div class=\"elementor-element elementor-element-89d147f e-con-full e-flex e-con e-child\" data-id=\"89d147f\" data-element_type=\"container\" data-settings=\"{&quot;background_background&quot;:&quot;classic&quot;}\">\n\t\t\t\t<div class=\"elementor-element elementor-element-5a1065e elementor-widget elementor-widget-heading\" data-id=\"5a1065e\" data-element_type=\"widget\" data-widget_type=\"heading.default\">\n\t\t\t\t<div class=\"elementor-widget-container\">\n\t\t\t\t\t<h2 class=\"elementor-heading-title elementor-size-default\">Personalizirane napovedi<\/h2>\t\t\t\t<\/div>\n\t\t\t\t<\/div>\n\t\t\t\t<div class=\"elementor-element elementor-element-feeae25 elementor-widget elementor-widget-text-editor\" data-id=\"feeae25\" data-element_type=\"widget\" data-widget_type=\"text-editor.default\">\n\t\t\t\t<div class=\"elementor-widget-container\">\n\t\t\t\t\t\t\t\t\t<p>Premium uporabniki prejmejo mese\u010dne napovedi, prilagojene njihovemu znamenju in trenutnemu stanju planetov.<\/p><p>Aktivirajte Premium paket in mese\u010dno boste prejeli personalizirano napoved neposredno na va\u0161 telefon.<\/p>\t\t\t\t\t\t\t\t<\/div>\n\t\t\t\t<\/div>\n\t\t\t\t<div class=\"elementor-element elementor-element-001e428 elementor-widget elementor-widget-button\" data-id=\"001e428\" data-element_type=\"widget\" data-widget_type=\"button.default\">\n\t\t\t\t<div class=\"elementor-widget-container\">\n\t\t\t\t\t\t\t\t\t<div class=\"elementor-button-wrapper\">\n\t\t\t\t\t<a class=\"elementor-button elementor-button-link elementor-size-sm\" href=\"#\">\n\t\t\t\t\t\t<span class=\"elementor-button-content-wrapper\">\n\t\t\t\t\t\t\t\t\t<span class=\"elementor-button-text\">PREMIUM<\/span>\n\t\t\t\t\t<\/span>\n\t\t\t\t\t<\/a>\n\t\t\t\t<\/div>\n\t\t\t\t\t\t\t\t<\/div>\n\t\t\t\t<\/div>\n\t\t\t\t<\/div>\n\t\t\t\t\t<\/div>\n\t\t\t\t<\/div>\n\t\t\t\t<\/div>\n\t\t","protected":false},"excerpt":{"rendered":"<p>Dnevni horoskop Vsako jutro prejmite natan\u010dno astrolo\u0161ko napoved, prilagojeno va\u0161emu zodiakalnemu znamenju. Za\u010dnite dan z vpogledom v svojo usodo. Po\u0161ljite SMS z besedo &#8220;PRIJAVA [znak]&#8221; na [\u0161tevilka] in prejmite svoj dnevni horoskop vsako jutro. Primer: prijava Lev *Za odjavo po\u0161ljite &#8220;odjava&#8221; na [\u0161tevilka] Zdru\u017eljivost znamenj Razumite, kako se va\u0161e znamenje ujema z drugimi. Odkrijte skrivnosti [&hellip;]<\/p>\n","protected":false},"author":2,"featured_media":0,"parent":0,"menu_order":0,"comment_status":"closed","ping_status":"closed","template":"","meta":{"footnotes":""},"class_list":["post-112","page","type-page","status-publish","hentry"],"_links":{"self":[{"href":"https:\/\/astrotext.si\/index.php\/wp-json\/wp\/v2\/pages\/112","targetHints":{"allow":["GET"]}}],"collection":[{"href":"https:\/\/astrotext.si\/index.php\/wp-json\/wp\/v2\/pages"}],"about":[{"href":"https:\/\/astrotext.si\/index.php\/wp-json\/wp\/v2\/types\/page"}],"author":[{"embeddable":true,"href":"https:\/\/astrotext.si\/index.php\/wp-json\/wp\/v2\/users\/2"}],"replies":[{"embeddable":true,"href":"https:\/\/astrotext.si\/index.php\/wp-json\/wp\/v2\/comments?post=112"}],"version-history":[{"count":16,"href":"https:\/\/astrotext.si\/index.php\/wp-json\/wp\/v2\/pages\/112\/revisions"}],"predecessor-version":[{"id":154,"href":"https:\/\/astrotext.si\/index.php\/wp-json\/wp\/v2\/pages\/112\/revisions\/154"}],"wp:attachment":[{"href":"https:\/\/astrotext.si\/index.php\/wp-json\/wp\/v2\/media?parent=112"}],"curies":[{"name":"wp","href":"https:\/\/api.w.org\/{rel}","templated":true}]}}